{"id":139,"date":"2026-01-22T11:12:54","date_gmt":"2026-01-22T10:12:54","guid":{"rendered":"http:\/\/nova.pgd-cerknica.si\/?page_id=139"},"modified":"2026-01-22T12:48:55","modified_gmt":"2026-01-22T11:48:55","slug":"vodstvo","status":"publish","type":"page","link":"https:\/\/pgd-cerknica.si\/?page_id=139","title":{"rendered":"Vodstvo"},"content":{"rendered":"\n<div class=\"wp-block-group is-nowrap is-layout-flex wp-container-core-group-is-layout-6c531013 wp-block-group-is-layout-flex\">\n<div class=\"wp-block-group is-nowrap is-layout-flex wp-container-core-group-is-layout-6c531013 wp-block-group-is-layout-flex\">\n<p>Za mandatno obdobje 2023-2028 je Ob\u010dni zbor, dne 4. marca 2023, za vodstvo PGD potrdil:<\/p>\n<\/div>\n<\/div>\n\n\n\n<p><strong>Upravni odbor:<\/strong><\/p>\n\n\n\n<ul class=\"wp-block-list\">\n<li>Predsednik PGD:&nbsp;<strong>Matja\u017e Knap<\/strong><\/li>\n\n\n\n<li>Namestnik predsednika:&nbsp;<strong>Bo\u0161tjan Strm\u0161ek<\/strong><\/li>\n\n\n\n<li>Poveljnik:&nbsp;<strong>Ale\u0161 Doles<\/strong><\/li>\n\n\n\n<li>Tajnik:&nbsp;<strong>Miha Melink<\/strong><\/li>\n\n\n\n<li>Blagajnik:&nbsp;<strong>Miha Bo\u0161tele<\/strong><\/li>\n\n\n\n<li>Vodja veteranov:&nbsp;<strong>Miro Li\u010den<\/strong><\/li>\n\n\n\n<li>Komisija za delo z mladino:<strong>&nbsp;Natalija Strm\u0161ek<\/strong><\/li>\n\n\n\n<li>\u010clan UO:&nbsp;<strong>Jure Caserman<\/strong><\/li>\n\n\n\n<li>\u010clan UO:&nbsp;<strong>Marko \u017dnidar\u0161i\u010d<\/strong><\/li>\n<\/ul>\n\n\n\n<p><strong>Operativni del &#8211; poveljstvo:<\/strong><\/p>\n\n\n\n<ul class=\"wp-block-list\">\n<li>Poveljnik:&nbsp;<strong>Ale\u0161 Doles<\/strong><\/li>\n\n\n\n<li>Namestnik poveljnika:&nbsp;<strong>Matev\u017e Dragoli\u010d<\/strong><\/li>\n\n\n\n<li>Podpoveljnik:&nbsp;<strong>Goran Kova\u010devi\u0107<\/strong><\/li>\n\n\n\n<li>Podpoveljnik:&nbsp;<strong>Miha Melink<\/strong><\/li>\n\n\n\n<li>Pomo\u010dnik poveljnika za prvo pomo\u010d:&nbsp;<strong>Matic Zalar<\/strong><\/li>\n\n\n\n<li>Pomo\u010dnik poveljnika za radijske zveze:&nbsp;<strong>Dejan Tekavec<\/strong><\/li>\n\n\n\n<li>Pomo\u010dnik poveljnika za izolirne dihalne aparate:&nbsp;<strong>Marko \u017dnidar\u0161i\u010d<\/strong><\/li>\n\n\n\n<li>Glavni strojnik:&nbsp;<strong>Janko Li\u010den<\/strong><\/li>\n\n\n\n<li>Orodjar:&nbsp;<strong>Jan Debevec<\/strong><\/li>\n<\/ul>\n\n\n\n<p><strong>Nadzorni odbor:<\/strong><\/p>\n\n\n\n<ul class=\"wp-block-list\">\n<li>\u010clan:&nbsp;<strong>Damijan Knap<\/strong><\/li>\n\n\n\n<li>\u010clan:&nbsp;<strong>Nata\u0161a Tur\u0161i\u010d<\/strong><\/li>\n\n\n\n<li>\u010clan:<strong>&nbsp;Matic Zalar<\/strong><\/li>\n<\/ul>\n\n\n\n<p><strong>Disciplinska komisija:<\/strong><\/p>\n\n\n\n<ul class=\"wp-block-list\">\n<li>Predsednik:<strong>&nbsp;Vesna Tur\u0161i\u010d<\/strong><\/li>\n\n\n\n<li>\u010clan:<strong>&nbsp;Tja\u0161a Prudi\u010d<\/strong><\/li>\n\n\n\n<li>\u010clan:<strong>&nbsp;Denis Gorjup<\/strong><\/li>\n\n\n\n<li>Namestnik:<strong>&nbsp;Eva Tur\u0161i\u010d<\/strong><\/li>\n\n\n\n<li>Namestnik:<strong>&nbsp;Matja\u017e \u010cu\u010dek<\/strong><\/li>\n<\/ul>\n\n\n\n<p><strong>Prapor\u0161\u010dak: Branko \u0160trukelj<\/strong><\/p>\n","protected":false},"excerpt":{"rendered":"<p>Za mandatno obdobje 2023-2028 je Ob\u010dni zbor, dne 4. marca 2023, za vodstvo PGD potrdil: Upravni odbor: Operativni del &#8211; poveljstvo: Nadzorni odbor: Disciplinska komisija: Prapor\u0161\u010dak: Branko \u0160trukelj<\/p>\n","protected":false},"author":1,"featured_media":0,"parent":0,"menu_order":0,"comment_status":"closed","ping_status":"closed","template":"","meta":{"footnotes":""},"class_list":["post-139","page","type-page","status-publish","hentry"],"_links":{"self":[{"href":"https:\/\/pgd-cerknica.si\/index.php?rest_route=\/wp\/v2\/pages\/139","targetHints":{"allow":["GET"]}}],"collection":[{"href":"https:\/\/pgd-cerknica.si\/index.php?rest_route=\/wp\/v2\/pages"}],"about":[{"href":"https:\/\/pgd-cerknica.si\/index.php?rest_route=\/wp\/v2\/types\/page"}],"author":[{"embeddable":true,"href":"https:\/\/pgd-cerknica.si\/index.php?rest_route=\/wp\/v2\/users\/1"}],"replies":[{"embeddable":true,"href":"https:\/\/pgd-cerknica.si\/index.php?rest_route=%2Fwp%2Fv2%2Fcomments&post=139"}],"version-history":[{"count":4,"href":"https:\/\/pgd-cerknica.si\/index.php?rest_route=\/wp\/v2\/pages\/139\/revisions"}],"predecessor-version":[{"id":179,"href":"https:\/\/pgd-cerknica.si\/index.php?rest_route=\/wp\/v2\/pages\/139\/revisions\/179"}],"wp:attachment":[{"href":"https:\/\/pgd-cerknica.si\/index.php?rest_route=%2Fwp%2Fv2%2Fmedia&parent=139"}],"curies":[{"name":"wp","href":"https:\/\/api.w.org\/{rel}","templated":true}]}}