{"id":149,"date":"2026-01-22T11:48:09","date_gmt":"2026-01-22T10:48:09","guid":{"rendered":"http:\/\/nova.pgd-cerknica.si\/?page_id=149"},"modified":"2026-01-22T11:49:52","modified_gmt":"2026-01-22T10:49:52","slug":"novice","status":"publish","type":"page","link":"https:\/\/pgd-cerknica.si\/?page_id=149","title":{"rendered":"Novice"},"content":{"rendered":"<ul class=\"wp-block-latest-posts__list wp-block-latest-posts\"><li><div class=\"wp-block-latest-posts__featured-image\"><img loading=\"lazy\" decoding=\"async\" width=\"150\" height=\"150\" src=\"https:\/\/pgd-cerknica.si\/wp-content\/uploads\/2026\/01\/POZAR_varno-kurjenje-150x150.jpg\" class=\"attachment-thumbnail size-thumbnail wp-post-image\" alt=\"\" style=\"\" \/><\/div><a class=\"wp-block-latest-posts__post-title\" href=\"https:\/\/pgd-cerknica.si\/?p=106\">Kurjenje kresov &#8211; sporo\u010dilo za javnost<\/a><div class=\"wp-block-latest-posts__post-excerpt\">Uprava Republike Slovenije za za\u0161\u010dito in re\u0161evanje obve\u0161\u010da organizatorje morebitnih javnih prireditev s kresovanjem ter vse druge, ki bodo ob prvomajskih praznikih kurili kresove naravnem okolju, da morajo pri tem upo\u0161tevati predvsem naslednje napotke, omejitve in prepovedi: \u010ce kres povzro\u010di po\u017ear v naravnem okolju, je treba na telefonsko \u0161tevilko 112 takoj obvestiti pristojni regijski center\u2026 <a class=\"wp-block-latest-posts__read-more\" href=\"https:\/\/pgd-cerknica.si\/?p=106\" rel=\"noopener noreferrer\">Preberite ve\u010d<span class=\"screen-reader-text\">: Kurjenje kresov &#8211; sporo\u010dilo za javnost<\/span><\/a><\/div><\/li>\n<li><div class=\"wp-block-latest-posts__featured-image\"><img loading=\"lazy\" decoding=\"async\" width=\"150\" height=\"150\" src=\"https:\/\/pgd-cerknica.si\/wp-content\/uploads\/2026\/01\/1dohodnina_pgd-150x150.jpg\" class=\"attachment-thumbnail size-thumbnail wp-post-image\" alt=\"\" style=\"\" srcset=\"https:\/\/pgd-cerknica.si\/wp-content\/uploads\/2026\/01\/1dohodnina_pgd-150x150.jpg 150w, https:\/\/pgd-cerknica.si\/wp-content\/uploads\/2026\/01\/1dohodnina_pgd-300x300.jpg 300w, https:\/\/pgd-cerknica.si\/wp-content\/uploads\/2026\/01\/1dohodnina_pgd-768x768.jpg 768w, https:\/\/pgd-cerknica.si\/wp-content\/uploads\/2026\/01\/1dohodnina_pgd.jpg 1024w\" sizes=\"auto, (max-width: 150px) 100vw, 150px\" \/><\/div><a class=\"wp-block-latest-posts__post-title\" href=\"https:\/\/pgd-cerknica.si\/?p=103\">Nemenitev 1 % dohodnine<\/a><div class=\"wp-block-latest-posts__post-excerpt\">Ni\u010d vas ne stane, da ste dobrodelni. Namenite del dohodnine PGD Cerknica. Obrazec lahko izpolnite tudi preko sistema&nbsp;eDavki. Za va\u0161 del se vam v naprej lepo zahvaljujemo.<\/div><\/li>\n<\/ul>","protected":false},"excerpt":{"rendered":"","protected":false},"author":1,"featured_media":0,"parent":0,"menu_order":0,"comment_status":"closed","ping_status":"closed","template":"","meta":{"footnotes":""},"class_list":["post-149","page","type-page","status-publish","hentry"],"_links":{"self":[{"href":"https:\/\/pgd-cerknica.si\/index.php?rest_route=\/wp\/v2\/pages\/149","targetHints":{"allow":["GET"]}}],"collection":[{"href":"https:\/\/pgd-cerknica.si\/index.php?rest_route=\/wp\/v2\/pages"}],"about":[{"href":"https:\/\/pgd-cerknica.si\/index.php?rest_route=\/wp\/v2\/types\/page"}],"author":[{"embeddable":true,"href":"https:\/\/pgd-cerknica.si\/index.php?rest_route=\/wp\/v2\/users\/1"}],"replies":[{"embeddable":true,"href":"https:\/\/pgd-cerknica.si\/index.php?rest_route=%2Fwp%2Fv2%2Fcomments&post=149"}],"version-history":[{"count":2,"href":"https:\/\/pgd-cerknica.si\/index.php?rest_route=\/wp\/v2\/pages\/149\/revisions"}],"predecessor-version":[{"id":151,"href":"https:\/\/pgd-cerknica.si\/index.php?rest_route=\/wp\/v2\/pages\/149\/revisions\/151"}],"wp:attachment":[{"href":"https:\/\/pgd-cerknica.si\/index.php?rest_route=%2Fwp%2Fv2%2Fmedia&parent=149"}],"curies":[{"name":"wp","href":"https:\/\/api.w.org\/{rel}","templated":true}]}}